{"id":574,"date":"2020-07-31T17:00:55","date_gmt":"2020-07-31T17:00:55","guid":{"rendered":"http:\/\/s742026246.mialojamiento.es\/?page_id=574"},"modified":"2020-09-09T18:12:35","modified_gmt":"2020-09-09T18:12:35","slug":"politica-de-cookies","status":"publish","type":"page","link":"https:\/\/tarotistasyvidentesdeamor.com\/?page_id=574","title":{"rendered":"Pol\u00edtica de cookies"},"content":{"rendered":"\n<p><strong>15. POL\u00cdTICA DE COOKIES<\/strong><\/p>\n\n\n\n<p> <strong>\u00bfQue es una Cookie?<\/strong> <\/p>\n\n\n\n<p>Cookie es un fichero que se descarga en su ordenador al acceder a determinadas p\u00e1ginas web. Las cookies permiten a una p\u00e1gina web, entre otras cosas, almacenar y recuperar informaci\u00f3n sobre los h\u00e1bitos de navegaci\u00f3n de un usuario o de su equipo y, dependiendo de la informaci\u00f3n que contengan y de la forma en que utilice su equipo, pueden utilizarse para reconocer al usuario. El navegador del usuario memoriza cookies en el disco duro solamente durante la sesi\u00f3n actual ocupando un espacio de memoria m\u00ednimo y no perjudicando al ordenador. Las cookies no contienen ninguna clase de informaci\u00f3n personal espec\u00edfica, y la mayor\u00eda de las mismas se borran del disco duro al finalizar la sesi\u00f3n de navegador (las denominadas cookies de sesi\u00f3n o cookies t\u00e9cnicas) y permanecen activas por defecto para el control estad\u00edstico del uso de la web. La mayor\u00eda de los navegadores aceptan como est\u00e1ndar a las cookies y, con independencia de las mismas, permiten o impiden en los ajustes de seguridad las cookies temporales o memorizadas. Sin su expreso consentimiento (mediante la activaci\u00f3n de las cookies en su navegador) nuestra web, no enlazar\u00e1 en las cookies los datos memorizados con sus datos personales proporcionados en el momento del registro o la compra. \u00bfQu\u00e9 tipos de cookies utiliza esta p\u00e1gina web?<\/p>\n\n\n\n<p> \u2022 <strong>Cookies t\u00e9cnicas<\/strong>: Son aqu\u00e9llas que permiten al usuario la navegaci\u00f3n a trav\u00e9s de una p\u00e1gina web, plataforma o aplicaci\u00f3n y la utilizaci\u00f3n de las diferentes opciones o servicios que en ella existan como, por ejemplo, controlar el tr\u00e1fico y la comunicaci\u00f3n de datos, identificar la sesi\u00f3n, acceder a partes de acceso restringido, recordar los elementos que integran un pedido, realizar el proceso de compra de un pedido, realizar la solicitud de inscripci\u00f3n o participaci\u00f3n en un evento, utilizar elementos de seguridad durante la navegaci\u00f3n, almacenar contenidos para la difusi\u00f3n de videos o sonido o compartir contenidos a trav\u00e9s de redes sociales. <\/p>\n\n\n\n<p><strong>\u2022 Cookies de personalizaci\u00f3n:<\/strong> Son aqu\u00e9llas que permiten al usuario dar privacidad y acceder al servicio con algunas caracter\u00edsticas de car\u00e1cter general predefinidas en funci\u00f3n de una serie de criterios en el terminal del usuario como por ejemplo serian el idioma, el tipo de navegador a trav\u00e9s del cual accede al servicio, la configuraci\u00f3n regional desde donde accede al servicio, etc. <\/p>\n\n\n\n<p>\u2022 <strong>Cookies de an\u00e1lisis:<\/strong> Son aqu\u00e9llas que bien tratadas por nosotros o por terceros, nos permiten cuantificar el n\u00famero de usuarios y as\u00ed realizar la medici\u00f3n y an\u00e1lisis estad\u00edstico de la utilizaci\u00f3n que hacen los usuarios del servicio ofertado. Para ello se analiza su navegaci\u00f3n en nuestra p\u00e1gina web con el fin de mejorar la oferta de productos o servicios que le ofrecemos. <\/p>\n\n\n\n<p>\u2022 <strong>Cookies de seguimiento:<\/strong> Las cookies de seguimiento, son capaces de grabar datos del usuario de ese navegador espec\u00edfico, tales como sus acciones en una web, su actividad de navegaci\u00f3n, compras y preferencias, direcciones de IP y localizaci\u00f3n geogr\u00e1fica, y cosas de ese tipo. Esta informaci\u00f3n se usa para el marketing dirigido, para orientar y mostrar anuncios, de forma tan precisa como sea posible a segmentos relevantes de internautas, o sea, clientes potenciales o para ofrecerles campa\u00f1as. En este caso las cookies de seguimiento se usan para proporcionarles un mejor servicio almacenando en nuestra web, opiniones personales de otros usuarios que puedan ser de inter\u00e9s para el servicio ofrecido y para hacerles llegar promociones o servicios personalizados. No se utilizaran este tipo de Cookies si el usuario no ha autorizado su uso en la consola de inicio de configuraci\u00f3n de cookies.<\/p>\n\n\n\n<p><strong>Cookies de terceros : <\/strong>La Web puede utilizar servicios de terceros que, por cuenta de nuestra web, recopilaran informaci\u00f3n con fines estad\u00edsticos, de uso del Site por parte del usuario y para la prestaci\u00f3n de otros servicios relacionados con la actividad del Website y otros servicios de Internet. En particular, este sitio Web utiliza las siguientes cookies: <\/p>\n\n\n\n<p>\u2022 <strong>cookie t\u00e9cnica<\/strong> y estrictamente necesaria que contiene el identificador de la sesi\u00f3n. Se elimina al cerrar el navegador. \u2022 cookie t\u00e9cnica y estrictamente necesaria que contiene el idioma de la sesi\u00f3n. Se elimina al cerrar el navegador.<\/p>\n\n\n\n<p><strong> \u2022 ac_cookies:<\/strong> cookie t\u00e9cnica y estrictamente necesaria que contiene el valor de si se ha aceptado la instalaci\u00f3n de cookies. Caduca en 1 a\u00f1o desde la \u00faltima actualizaci\u00f3n.<\/p>\n\n\n\n<p><strong> \u2022 _ga: cookie<\/strong> de Google Analytics que habilita la funci\u00f3n de control de visitas \u00fanicas. La primera vez que un usuario entre en el sitio web a trav\u00e9s de un navegador se instalar\u00e1 esta cookie. Cuando este usuario vuelva a entrar en la web con el mismo navegador, la cookie considerar\u00e1 que es el mismo usuario. Solo en el caso de que el usuario cambie de navegador, se considerar\u00e1 otro usuario. Caduca a los 2 a\u00f1os desde la \u00faltima actualizaci\u00f3n. M\u00e1s informaci\u00f3n del tratamiento realizado por Google Analytics aqu\u00ed.<\/p>\n\n\n\n<p> <strong>\u2022 _gat: Esta cookie<\/strong> se asocia con Google Analytics Universal. Se utiliza para limitar la velocidad de petici\u00f3n \u2013 la limitaci\u00f3n de la recogida de datos en los sitios de alto tr\u00e1fico. Caduca a los 10 minutos. <\/p>\n\n\n\n<p><strong>\u2022 _gid: Esta cookie<\/strong> se asocia con Google Analytics. Se utiliza para distinguir a los usuarios. Caduca a las 24 horas. <\/p>\n\n\n\n<p>\u2022<strong> _utma: cookie<\/strong> de Google Analytics que registra la fecha de la primera y \u00faltima vez que el usuario visti\u00f3 el sitio web. Caduca a los 2 a\u00f1os desde la \u00faltima actualizaci\u00f3n M\u00e1s informaci\u00f3n del tratamiento realizado por Google Analytics aqu\u00ed.<\/p>\n\n\n\n<p> \u2022<strong> _utmb: cookie<\/strong> de Google Analytics que registra la hora de llegada a la p\u00e1gina web. Caduca a los 30 minutos desde la \u00faltima actualizaci\u00f3n.<\/p>\n\n\n\n<p> <strong>\u2022 _utmc: cookie<\/strong> de Google Analytics utilizada para la interoperabilidad con el c\u00f3digo de seguimiento urchin.js. Se elimina al cerrar el navegador.<\/p>\n\n\n\n<p> \u2022 _<strong>utmt: cookie<\/strong> de Google Analytics. Esta cookie se utiliza para procesar el tipo de solicitud pedida por el usuario. Caduca al finalizar la sesi\u00f3n. <\/p>\n\n\n\n<p>\u2022 _<strong>utmv: cookie<\/strong> de Google Analytics. Esta cookie se utiliza para segmentar datos demogr\u00e1ficos. Caduca al finalizar la sesi\u00f3n. <\/p>\n\n\n\n<p>\u2022 <strong>_utmz: cookie<\/strong> de Google Analytics que almacena la fuente de tr\u00e1fico o una campa\u00f1a para explicar c\u00f3mo el usuario lleg\u00f3 al sitio web. Caduca a los 6 meses desde la \u00faltima actualizaci\u00f3n. Representan un servicio anal\u00edtico de web prestado por Google, Inc. con domicilio en los Estados Unidos con sede central en 1600 Amphitheatre Parkway, Mountain View, California 94043. Para la prestaci\u00f3n de estos servicios, estos utilizan cookies que recopilan la informaci\u00f3n, incluida la direcci\u00f3n IP del usuario, que ser\u00e1 transmitida, tratada y almacenada por Google en los t\u00e9rminos fijados en la Web Google.com. Incluyendo la posible transmisi\u00f3n de dicha informaci\u00f3n a terceros por razones de exigencia legal o cuando dichos terceros procesen la informaci\u00f3n por cuenta de Google. Modificaci\u00f3n de las condiciones: nuestra web se reserva expresamente el derecho de cambiar esta pol\u00edtica de cookies unilateralmente, en su totalidad o en parte, sin previo aviso, siendo avisado de estas nuevas condiciones antes de que pueda seguir navegando en nuestra p\u00e1gina web, debiendo reconocer y aceptar bajo su responsabilidad estas nuevas condiciones sobre Pol\u00edtica de Cookies,. Puede usted permitir, bloquear o eliminar las cookies instaladas en su equipo mediante la configuraci\u00f3n de las opciones del navegador instalado en su ordenador:<\/p>\n\n\n\n<p>\u2022 <a href=\"http:\/\/support.google.com\/chrome\/bin\/answer.py?hl=es&amp;answer=95647\">Chrome<\/a><\/p>\n\n\n\n<p> \u2022 <a href=\"http:\/\/windows.microsoft.com\/es-es\/windows7\/how-to-manage-cookies-in-internet-explorer-9\">Explorer<\/a><\/p>\n\n\n\n<p> \u2022 <a href=\"http:\/\/support.mozilla.org\/es\/kb\/habilitar-y-deshabilitar-cookies-que-los-sitios-we\">Firefox<\/a><\/p>\n\n\n\n<p> \u2022 <a href=\"http:\/\/support.apple.com\/kb\/ph5042\">Safari<\/a><\/p>\n\n\n\n<p>Si tiene dudas sobre esta pol\u00edtica de cookies, puede contactar con la administraci\u00f3n de este sitio a trav\u00e9s del correo <a href=\"mailto:info@tarotistarecomendada.com\">info@tarotistarecomendada.com<\/a> El Usuario acepta expresamente, por la utilizaci\u00f3n de este Site, el tratamiento de la informaci\u00f3n recabada en la forma y con los fines anteriormente mencionados . Y asimismo reconoce conocer la posibilidad de rechazar el tratamiento de tales datos o informaci\u00f3n rechazando el uso de Cookies mediante la selecci\u00f3n de la configuraci\u00f3n apropiada a tal fin en su navegador. Si bien esta opci\u00f3n de bloqueo de Cookies en su navegador puede no permitirle el uso pleno de todas las funcionalidades del Website.<\/p>\n\n\n\n<p><strong>Transferencia de Datos:<\/strong> Este sitio web no realiza transferencia internacionales de datos. <\/p>\n\n\n\n<p><strong>Elaboraci\u00f3n de Perfiles:<\/strong> El uso de sus datos para ofertarle una mejor de calidad de nuestros servicios, no se aplicar\u00e1 bajo ning\u00fan concepto mediante un uso automatizado de sus datos personales. <\/p>\n\n\n\n<p><strong>Tiempo de conservaci\u00f3n:<\/strong> El plazo de conservaci\u00f3n para los fines determinados en nuestra <a href=\"https:\/\/tarotistasyvidentesdeamor.com\/?page_id=572\" data-type=\"page\" data-id=\"572\">pol\u00edtica de privacidad<\/a> para todos los datos tratados por nuestra empresa, ser\u00e1 el regulado para dar amparo al cumplimiento legal y en todo caso por un plazo m\u00e1ximo de cinco a\u00f1os. Ejercicio de derechos: Puede ejercer sus derechos como titular o representante de los datos que obren en nuestro poder siguiendo las indicaciones que figuran en nuestra <a href=\"https:\/\/tarotistasyvidentesdeamor.com\/?page_id=572\" data-type=\"page\" data-id=\"572\">P\u00f3litica de Privacidad<\/a>.<\/p>\n","protected":false},"excerpt":{"rendered":"<p>15. POL\u00cdTICA DE COOKIES \u00bfQue es una Cookie? Cookie es un fichero que se descarga en su ordenador al acceder a determinadas p\u00e1ginas web. Las cookies permiten a una p\u00e1gina web, entre otras cosas, almacenar y recuperar informaci\u00f3n sobre los h\u00e1bitos de navegaci\u00f3n de un usuario o de su equipo y, dependiendo de la informaci\u00f3n [&hellip;]<\/p>\n","protected":false},"author":2,"featured_media":0,"parent":0,"menu_order":0,"comment_status":"closed","ping_status":"closed","template":"","meta":{"footnotes":""},"class_list":["post-574","page","type-page","status-publish","hentry"],"_links":{"self":[{"href":"https:\/\/tarotistasyvidentesdeamor.com\/index.php?rest_route=\/wp\/v2\/pages\/574","targetHints":{"allow":["GET"]}}],"collection":[{"href":"https:\/\/tarotistasyvidentesdeamor.com\/index.php?rest_route=\/wp\/v2\/pages"}],"about":[{"href":"https:\/\/tarotistasyvidentesdeamor.com\/index.php?rest_route=\/wp\/v2\/types\/page"}],"author":[{"embeddable":true,"href":"https:\/\/tarotistasyvidentesdeamor.com\/index.php?rest_route=\/wp\/v2\/users\/2"}],"replies":[{"embeddable":true,"href":"https:\/\/tarotistasyvidentesdeamor.com\/index.php?rest_route=%2Fwp%2Fv2%2Fcomments&post=574"}],"version-history":[{"count":0,"href":"https:\/\/tarotistasyvidentesdeamor.com\/index.php?rest_route=\/wp\/v2\/pages\/574\/revisions"}],"wp:attachment":[{"href":"https:\/\/tarotistasyvidentesdeamor.com\/index.php?rest_route=%2Fwp%2Fv2%2Fmedia&parent=574"}],"curies":[{"name":"wp","href":"https:\/\/api.w.org\/{rel}","templated":true}]}}